{"id":2,"date":"2021-09-22T16:21:20","date_gmt":"2021-09-22T14:21:20","guid":{"rendered":"http:\/\/jurassikchained.com\/?page_id=2"},"modified":"2022-09-28T11:06:11","modified_gmt":"2022-09-28T09:06:11","slug":"home","status":"publish","type":"page","link":"https:\/\/jurassikchained.com\/","title":{"rendered":"Home"},"content":{"rendered":"<p>[et_pb_section fb_built=&#8221;1&#8243; custom_padding_last_edited=&#8221;on|phone&#8221; _builder_version=&#8221;4.9.1&#8243; background_image=&#8221;https:\/\/jurassikchained.com\/wp-content\/uploads\/2021\/11\/slider-dinosauri.png&#8221; custom_margin=&#8221;10px||||false|false&#8221; custom_padding=&#8221;100px||420px|||&#8221; custom_padding_tablet=&#8221;120px||250px||false|false&#8221; custom_padding_phone=&#8221;60px||160px||false|false&#8221; background_last_edited=&#8221;on|phone&#8221; background_image_tablet=&#8221;https:\/\/jurassikchained.com\/wp-content\/uploads\/2021\/11\/slider-dinosauri-mobile.png&#8221; background_enable_image_tablet=&#8221;on&#8221; background_position_tablet=&#8221;center&#8221;][et_pb_row _builder_version=&#8221;4.9.1&#8243; background_size=&#8221;initial&#8221; background_position=&#8221;top_left&#8221; background_repeat=&#8221;repeat&#8221; max_width=&#8221;2560px&#8221;][et_pb_column type=&#8221;4_4&#8243; _builder_version=&#8221;3.25&#8243; custom_padding=&#8221;|||&#8221; custom_padding__hover=&#8221;|||&#8221;][dsm_floating_multi_images floating_height=&#8221;100px&#8221; disabled_on=&#8221;on|off|off&#8221; _builder_version=&#8221;4.9.1&#8243; _module_preset=&#8221;default&#8221; width=&#8221;100%&#8221; module_alignment=&#8221;center&#8221; custom_margin_tablet=&#8221;&#8221; custom_margin_phone=&#8221;||||false|false&#8221; custom_margin_last_edited=&#8221;on|phone&#8221; animation_style=&#8221;slide&#8221; animation_intensity_slide=&#8221;10%&#8221;][dsm_floating_multi_images_child src=&#8221;https:\/\/jurassikchained.com\/wp-content\/uploads\/2021\/11\/IMG_20211029_150358_058.png&#8221; _builder_version=&#8221;4.9.1&#8243; _module_preset=&#8221;default&#8221; width=&#8221;100%&#8221; max_width=&#8221;100%&#8221; module_alignment=&#8221;center&#8221;][\/dsm_floating_multi_images_child][\/dsm_floating_multi_images][et_pb_image src=&#8221;https:\/\/jurassikchained.com\/wp-content\/uploads\/2021\/11\/h1-mobile.png&#8221; title_text=&#8221;h1-mobile&#8221; disabled_on=&#8221;off|on|on&#8221; _builder_version=&#8221;4.9.1&#8243; _module_preset=&#8221;default&#8221;][\/et_pb_image][et_pb_text admin_label=&#8221;Testo&#8221; _builder_version=&#8221;4.9.1&#8243; _module_preset=&#8221;default&#8221; header_font=&#8221;|800||on|||||&#8221; header_text_align=&#8221;center&#8221; header_text_color=&#8221;#424242&#8243; header_font_size=&#8221;26px&#8221; custom_margin=&#8221;170px||30px||false|false&#8221; custom_margin_tablet=&#8221;30px||||false|false&#8221; custom_margin_phone=&#8221;-30px||||false|false&#8221; custom_margin_last_edited=&#8221;on|phone&#8221; header_font_size_tablet=&#8221;&#8221; header_font_size_phone=&#8221;20px&#8221; header_font_size_last_edited=&#8221;on|phone&#8221;]<\/p>\n<h1>The first fully onchain dino project, animated, interactive and each unique<\/h1>\n<p>[\/et_pb_text][et_pb_button button_url=&#8221;#how-to-get-one&#8221; url_new_window=&#8221;on&#8221; button_text=&#8221;Buy Now&#8221; button_alignment=&#8221;center&#8221; _builder_version=&#8221;4.9.1&#8243; _module_preset=&#8221;default&#8221; custom_button=&#8221;on&#8221; button_text_size=&#8221;18px&#8221; button_text_color=&#8221;#ffffff&#8221; button_bg_color=&#8221;#424242&#8243; button_border_color=&#8221;#424242&#8243; button_border_radius=&#8221;0px&#8221; button_icon_color=&#8221;#FFFFFF&#8221; z_index=&#8221;265&#8243; custom_margin=&#8221;||52px|||&#8221; button_bg_color__hover_enabled=&#8221;on|hover&#8221; button_bg_color__hover=&#8221;#424242&#8243; button_bg_enable_color__hover=&#8221;on&#8221; button_text_color__hover_enabled=&#8221;on|hover&#8221; button_text_color__hover=&#8221;#FFFFFF&#8221;][\/et_pb_button][\/et_pb_column][\/et_pb_row][\/et_pb_section][et_pb_section fb_built=&#8221;1&#8243; _builder_version=&#8221;4.9.1&#8243; _module_preset=&#8221;default&#8221; use_background_color_gradient=&#8221;on&#8221; background_color_gradient_start=&#8221;#2d622b&#8221; background_color_gradient_end=&#8221;#59c355&#8243; custom_padding=&#8221;||0px|||&#8221;][et_pb_row custom_padding_last_edited=&#8221;on|tablet&#8221; _builder_version=&#8221;4.9.1&#8243; _module_preset=&#8221;default&#8221; background_color=&#8221;#1f591d&#8221; custom_margin=&#8221;-100px|auto||auto||&#8221; custom_padding=&#8221;71px|60px|60px|60px|false|true&#8221; custom_padding_tablet=&#8221;40px|20px|40px|20px|true|true&#8221; custom_padding_phone=&#8221;&#8221; animation_style=&#8221;slide&#8221; animation_direction=&#8221;bottom&#8221; animation_intensity_slide=&#8221;5%&#8221; border_width_all=&#8221;10px&#8221; border_color_all=&#8221;#FFFFFF&#8221;][et_pb_column type=&#8221;4_4&#8243; _builder_version=&#8221;4.9.1&#8243; _module_preset=&#8221;default&#8221;][et_pb_text _builder_version=&#8221;4.9.1&#8243; _module_preset=&#8221;default&#8221; header_2_font=&#8221;|700|||||||&#8221; header_2_font_size=&#8221;40px&#8221; background_layout=&#8221;dark&#8221; custom_margin=&#8221;||-2px|||&#8221; header_2_font_size_tablet=&#8221;&#8221; header_2_font_size_phone=&#8221;30px&#8221; header_2_font_size_last_edited=&#8221;on|phone&#8221;]<\/p>\n<h2>Welcome to JurassikChained!<\/h2>\n<p>[\/et_pb_text][et_pb_text _builder_version=&#8221;4.9.1&#8243; _module_preset=&#8221;default&#8221; background_layout=&#8221;dark&#8221;]<\/p>\n<p>Dinosaurs went extinct about 65 million years ago, that&#8217;s why our devs decided to bring them back to life, and now they are on Cardano Blockchain!<\/p>\n<p>They are not simple gifs or png (we love all nfts) but they are coded in order to move in the space available according to their will.<\/p>\n<p><strong>Each NFT has different color variations, dino calls rarity and species rarity.<\/strong><\/p>\n<p>[\/et_pb_text][et_pb_button button_url=&#8221;https:\/\/pool.pm\/653aae5e966b9ad14448446ff177bab27ede6587e03fa926d2e7286f.jurassikchained05825&#8243; url_new_window=&#8221;on&#8221; button_text=&#8221;Check one of our Dinos! &#8221; _builder_version=&#8221;4.9.1&#8243; _module_preset=&#8221;default&#8221; custom_button=&#8221;on&#8221; button_text_size=&#8221;18px&#8221; button_text_color=&#8221;#3be039&#8243; button_border_color=&#8221;#3be039&#8243; button_border_radius=&#8221;0px&#8221; button_icon_color=&#8221;#FFFFFF&#8221; z_index=&#8221;265&#8243; custom_margin=&#8221;||52px|||&#8221; button_bg_color__hover_enabled=&#8221;on|hover&#8221; button_bg_color__hover=&#8221;#3be039&#8243; button_bg_enable_color__hover=&#8221;on&#8221; button_text_color__hover_enabled=&#8221;on|desktop&#8221; button_text_color__hover=&#8221;#FFFFFF&#8221;][\/et_pb_button][\/et_pb_column][\/et_pb_row][et_pb_row _builder_version=&#8221;4.9.1&#8243; _module_preset=&#8221;default&#8221; custom_padding=&#8221;||0px|||&#8221;][et_pb_column type=&#8221;4_4&#8243; _builder_version=&#8221;4.9.1&#8243; _module_preset=&#8221;default&#8221;][et_pb_image src=&#8221;https:\/\/jurassikchained.com\/wp-content\/uploads\/2021\/11\/afxhcgwi1.png&#8221; title_text=&#8221;afxhcgwi1&#8243; align=&#8221;right&#8221; _builder_version=&#8221;4.9.1&#8243; _module_preset=&#8221;default&#8221; transform_scale_tablet=&#8221;&#8221; transform_scale_phone=&#8221;&#8221; transform_scale_last_edited=&#8221;on|phone&#8221; transform_translate=&#8221;188px|-163px&#8221; transform_translate_tablet=&#8221;57px|-111px&#8221; transform_translate_phone=&#8221;0px|-101px&#8221; transform_translate_last_edited=&#8221;on|phone&#8221; transform_translate_linked=&#8221;off&#8221; transform_rotate_tablet=&#8221;&#8221; transform_rotate_phone=&#8221;&#8221; transform_rotate_last_edited=&#8221;on|phone&#8221; transform_skew_tablet=&#8221;&#8221; transform_skew_phone=&#8221;&#8221; transform_skew_last_edited=&#8221;on|phone&#8221; transform_origin_tablet=&#8221;&#8221; transform_origin_phone=&#8221;&#8221; transform_origin_last_edited=&#8221;on|phone&#8221; transform_styles_last_edited=&#8221;on|phone&#8221; width_tablet=&#8221;60%&#8221; width_phone=&#8221;100%&#8221; width_last_edited=&#8221;on|phone&#8221; custom_margin=&#8221;||-183px||false|false&#8221; custom_margin_tablet=&#8221;||-105px||false|false&#8221; custom_margin_phone=&#8221;||-65px||false|false&#8221; custom_margin_last_edited=&#8221;on|desktop&#8221; custom_padding=&#8221;||0px|||&#8221; animation_style=&#8221;slide&#8221; animation_direction=&#8221;left&#8221; animation_intensity_slide=&#8221;10%&#8221; scroll_horizontal_motion_enable=&#8221;on&#8221; scroll_horizontal_motion=&#8221;0|50|50|100|-2|0|2&#8243; transform_styles_tablet=&#8221;&#8221; transform_styles_phone=&#8221;&#8221; scroll_horizontal_motion_tablet=&#8221;&#8221; scroll_horizontal_motion_phone=&#8221;0|70|70|100|-2|0|0.5&#8243; scroll_horizontal_motion_last_edited=&#8221;on|phone&#8221;][\/et_pb_image][\/et_pb_column][\/et_pb_row][et_pb_row column_structure=&#8221;2_3,1_3&#8243; _builder_version=&#8221;4.9.1&#8243; _module_preset=&#8221;default&#8221; custom_margin=&#8221;||||false|false&#8221; custom_padding=&#8221;0px|||||&#8221; animation_style=&#8221;slide&#8221; animation_direction=&#8221;bottom&#8221; animation_intensity_slide=&#8221;10%&#8221;][et_pb_column type=&#8221;2_3&#8243; _builder_version=&#8221;4.9.1&#8243; _module_preset=&#8221;default&#8221;][et_pb_image src=&#8221;https:\/\/jurassikchained.com\/wp-content\/uploads\/2021\/11\/IMG_20211030_170253_650.png&#8221; title_text=&#8221;IMG_20211030_170253_650&#8243; _builder_version=&#8221;4.9.1&#8243; _module_preset=&#8221;default&#8221; width=&#8221;15%&#8221; width_tablet=&#8221;20%&#8221; width_phone=&#8221;30%&#8221; width_last_edited=&#8221;on|phone&#8221; scroll_vertical_motion_enable=&#8221;on&#8221; scroll_vertical_motion=&#8221;0|50|50|100|-1|0|-1&#8243; scroll_horizontal_motion_enable=&#8221;on&#8221; scroll_horizontal_motion=&#8221;0|50|50|100|-1|0|2&#8243; scroll_vertical_motion_tablet=&#8221;&#8221; scroll_vertical_motion_phone=&#8221;0|50|50|100|-1|0|-0.5&#8243; scroll_vertical_motion_last_edited=&#8221;on|phone&#8221;][\/et_pb_image][et_pb_text _builder_version=&#8221;4.9.1&#8243; _module_preset=&#8221;default&#8221; header_2_font=&#8221;|700|||||||&#8221; header_2_font_size=&#8221;31px&#8221; background_layout=&#8221;dark&#8221; custom_margin=&#8221;||1px|||&#8221;]<\/p>\n<h2>Collect them while you have fun!<\/h2>\n<p>[\/et_pb_text][et_pb_text _builder_version=&#8221;4.9.1&#8243; _module_preset=&#8221;default&#8221; background_layout=&#8221;dark&#8221; header_3_font_size_tablet=&#8221;&#8221; header_3_font_size_phone=&#8221;24px&#8221; header_3_font_size_last_edited=&#8221;on|phone&#8221;]<\/p>\n<p>Our NFTs are fully onchain, this means that every detail of the file does not require any hosting, everything is in the mint transaction metadata.<\/p>\n<p>[\/et_pb_text][et_pb_text module_id=&#8221;how-to-get-one&#8221; _builder_version=&#8221;4.9.1&#8243; _module_preset=&#8221;default&#8221; background_color=&#8221;rgba(31,89,29,0.16)&#8221; background_layout=&#8221;dark&#8221; custom_padding=&#8221;20px|20px|20px|20px|true|true&#8221; header_3_font_size_tablet=&#8221;&#8221; header_3_font_size_phone=&#8221;24px&#8221; header_3_font_size_last_edited=&#8221;on|phone&#8221; box_shadow_style=&#8221;preset6&#8243; box_shadow_blur=&#8221;12px&#8221; box_shadow_color=&#8221;rgba(0,0,0,0.2)&#8221;]<\/p>\n<h3>How to get one?<\/h3>\n<p>Send 21 ADA to this address and you will get a random NFT (One NFT per transaction)<br \/><span><\/span><\/p>\n<p><span><\/span><\/p>\n<p><span>MINT possible until 1st of october<br \/>addr1v8c75fscajz5j0w0cvlt24vnr5l5qmqwpg9dj9k43re3xdcldmn3a<\/span><\/p>\n<p>&nbsp;<\/p>\n<p>&nbsp;<\/p>\n<p>DO NOT SEND ANY ADA FROM EXCHANGE LIKE COINBASE, BINANCE AND SIMILARS<span style=\"color: #424242;\"><strong><\/strong><\/span><\/p>\n<p><span style=\"color: #424242;\"><strong><\/strong><\/span><\/p>\n<p>[\/et_pb_text][et_pb_text _builder_version=&#8221;4.9.1&#8243; _module_preset=&#8221;default&#8221; background_layout=&#8221;dark&#8221; header_3_font_size_tablet=&#8221;&#8221; header_3_font_size_phone=&#8221;24px&#8221; header_3_font_size_last_edited=&#8221;on|phone&#8221;]<\/p>\n<p>Don&#8217;t trust fake dinos, check always the policyID<br \/>Our policyID: 653aae5e966b9ad14448446ff177bab27ede6587e03fa926d2e7286f<\/p>\n<p>[\/et_pb_text][\/et_pb_column][et_pb_column type=&#8221;1_3&#8243; _builder_version=&#8221;4.9.1&#8243; _module_preset=&#8221;default&#8221;][\/et_pb_column][\/et_pb_row][et_pb_row _builder_version=&#8221;4.9.1&#8243; _module_preset=&#8221;default&#8221; width=&#8221;100%&#8221; max_width=&#8221;2560px&#8221; custom_padding=&#8221;0px||0px|||&#8221;][et_pb_column type=&#8221;4_4&#8243; _builder_version=&#8221;4.9.1&#8243; _module_preset=&#8221;default&#8221;][et_pb_image src=&#8221;https:\/\/jurassikchained.com\/wp-content\/uploads\/2021\/11\/sfondino-dinosauri-1.png&#8221; title_text=&#8221;sfondino-dinosauri-mobile&#8221; src_tablet=&#8221;https:\/\/jurassikchained.com\/wp-content\/uploads\/2021\/11\/sfondino-dinosauri-mobile.png&#8221; src_phone=&#8221;https:\/\/jurassikchained.com\/wp-content\/uploads\/2021\/11\/sfondino-dinosauri-mobile.png&#8221; src_last_edited=&#8221;on|phone&#8221; _builder_version=&#8221;4.9.1&#8243; _module_preset=&#8221;default&#8221;][\/et_pb_image][\/et_pb_column][\/et_pb_row][\/et_pb_section][et_pb_section fb_built=&#8221;1&#8243; _builder_version=&#8221;4.9.1&#8243; _module_preset=&#8221;default&#8221; use_background_color_gradient=&#8221;on&#8221; background_color_gradient_start=&#8221;#42adde&#8221; background_color_gradient_end=&#8221;#0095d9&#8243; custom_margin=&#8221;10px||10px||true|false&#8221; custom_padding=&#8221;52px||52px||true|&#8221;][et_pb_row _builder_version=&#8221;4.9.1&#8243; _module_preset=&#8221;default&#8221; custom_margin=&#8221;||||false|false&#8221; custom_padding=&#8221;0px||0px|||&#8221;][et_pb_column type=&#8221;4_4&#8243; _builder_version=&#8221;4.9.1&#8243; _module_preset=&#8221;default&#8221;][et_pb_text _builder_version=&#8221;4.9.1&#8243; _module_preset=&#8221;default&#8221; header_2_font=&#8221;|700|||||||&#8221; header_2_text_align=&#8221;center&#8221; header_2_font_size=&#8221;40px&#8221; background_layout=&#8221;dark&#8221; header_2_font_size_tablet=&#8221;&#8221; header_2_font_size_phone=&#8221;30px&#8221; header_2_font_size_last_edited=&#8221;on|phone&#8221;]<\/p>\n<h2>Roadmap<\/h2>\n<p>[\/et_pb_text][\/et_pb_column][\/et_pb_row][et_pb_row column_structure=&#8221;1_4,1_4,1_4,1_4&#8243; use_custom_gutter=&#8221;on&#8221; gutter_width=&#8221;2&#8243; _builder_version=&#8221;4.9.1&#8243; _module_preset=&#8221;default&#8221; max_width=&#8221;2560px&#8221; custom_padding=&#8221;0px||0px|||&#8221; animation_style=&#8221;slide&#8221; animation_direction=&#8221;bottom&#8221; animation_intensity_slide=&#8221;20%&#8221;][et_pb_column type=&#8221;1_4&#8243; _builder_version=&#8221;4.9.1&#8243; _module_preset=&#8221;default&#8221;][et_pb_image src=&#8221;https:\/\/jurassikchained.com\/wp-content\/uploads\/2021\/11\/foto1-1.png&#8221; title_text=&#8221;foto1&#8243; _builder_version=&#8221;4.9.1&#8243; _module_preset=&#8221;default&#8221; width_tablet=&#8221;75%&#8221; width_phone=&#8221;70%&#8221; width_last_edited=&#8221;on|phone&#8221; module_alignment=&#8221;center&#8221; custom_margin=&#8221;||-50px||false|false&#8221; custom_margin_tablet=&#8221;&#8221; custom_margin_phone=&#8221;-30px||-50px||false|false&#8221; custom_margin_last_edited=&#8221;on|phone&#8221;][\/et_pb_image][\/et_pb_column][et_pb_column type=&#8221;1_4&#8243; _builder_version=&#8221;4.9.1&#8243; _module_preset=&#8221;default&#8221;][et_pb_image src=&#8221;https:\/\/jurassikchained.com\/wp-content\/uploads\/2021\/11\/foto2.png&#8221; title_text=&#8221;foto2&#8243; _builder_version=&#8221;4.9.1&#8243; _module_preset=&#8221;default&#8221; width_tablet=&#8221;75%&#8221; width_phone=&#8221;70%&#8221; width_last_edited=&#8221;on|phone&#8221; module_alignment=&#8221;center&#8221; custom_margin_tablet=&#8221;&#8221; custom_margin_phone=&#8221;||-75px||false|false&#8221; custom_margin_last_edited=&#8221;on|phone&#8221; custom_margin__hover_enabled=&#8221;on|desktop&#8221;][\/et_pb_image][\/et_pb_column][et_pb_column type=&#8221;1_4&#8243; _builder_version=&#8221;4.9.1&#8243; _module_preset=&#8221;default&#8221;][et_pb_image src=&#8221;https:\/\/jurassikchained.com\/wp-content\/uploads\/2021\/11\/foto3.png&#8221; title_text=&#8221;foto3&#8243; _builder_version=&#8221;4.9.1&#8243; _module_preset=&#8221;default&#8221; width_tablet=&#8221;75%&#8221; width_phone=&#8221;70%&#8221; width_last_edited=&#8221;on|phone&#8221; module_alignment=&#8221;center&#8221; custom_margin_tablet=&#8221;&#8221; custom_margin_phone=&#8221;||-60px||false|false&#8221; custom_margin_last_edited=&#8221;on|phone&#8221;][\/et_pb_image][\/et_pb_column][et_pb_column type=&#8221;1_4&#8243; _builder_version=&#8221;4.9.1&#8243; _module_preset=&#8221;default&#8221;][et_pb_image src=&#8221;https:\/\/jurassikchained.com\/wp-content\/uploads\/2021\/11\/foto4.png&#8221; title_text=&#8221;foto4&#8243; _builder_version=&#8221;4.9.1&#8243; _module_preset=&#8221;default&#8221; width_tablet=&#8221;75%&#8221; width_phone=&#8221;70%&#8221; width_last_edited=&#8221;on|phone&#8221; module_alignment=&#8221;center&#8221;][\/et_pb_image][\/et_pb_column][\/et_pb_row][\/et_pb_section]<\/p>\n","protected":false},"excerpt":{"rendered":"<p>[et_pb_section fb_built=&#8221;1&#8243; custom_padding_last_edited=&#8221;on|phone&#8221; _builder_version=&#8221;4.9.1&#8243; background_image=&#8221;https:\/\/jurassikchained.com\/wp-content\/uploads\/2021\/11\/slider-dinosauri.png&#8221; custom_margin=&#8221;10px||||false|false&#8221; custom_padding=&#8221;100px||420px|||&#8221; custom_padding_tablet=&#8221;120px||250px||false|false&#8221; custom_padding_phone=&#8221;60px||160px||false|false&#8221; background_last_edited=&#8221;on|phone&#8221; background_image_tablet=&#8221;https:\/\/jurassikchained.com\/wp-content\/uploads\/2021\/11\/slider-dinosauri-mobile.png&#8221; background_enable_image_tablet=&#8221;on&#8221; background_position_tablet=&#8221;center&#8221;][et_pb_row _builder_version=&#8221;4.9.1&#8243; background_size=&#8221;initial&#8221; background_position=&#8221;top_left&#8221; background_repeat=&#8221;repeat&#8221; max_width=&#8221;2560px&#8221;][et_pb_column type=&#8221;4_4&#8243; _builder_version=&#8221;3.25&#8243; custom_padding=&#8221;|||&#8221; custom_padding__hover=&#8221;|||&#8221;][dsm_floating_multi_images floating_height=&#8221;100px&#8221; disabled_on=&#8221;on|off|off&#8221; _builder_version=&#8221;4.9.1&#8243; _module_preset=&#8221;default&#8221; width=&#8221;100%&#8221; module_alignment=&#8221;center&#8221; custom_margin_tablet=&#8221;&#8221; custom_margin_phone=&#8221;||||false|false&#8221; custom_margin_last_edited=&#8221;on|phone&#8221; animation_style=&#8221;slide&#8221; animation_intensity_slide=&#8221;10%&#8221;][dsm_floating_multi_images_child src=&#8221;https:\/\/jurassikchained.com\/wp-content\/uploads\/2021\/11\/IMG_20211029_150358_058.png&#8221; _builder_version=&#8221;4.9.1&#8243; _module_preset=&#8221;default&#8221; width=&#8221;100%&#8221; max_width=&#8221;100%&#8221; module_alignment=&#8221;center&#8221;][\/dsm_floating_multi_images_child][\/dsm_floating_multi_images][et_pb_image src=&#8221;https:\/\/jurassikchained.com\/wp-content\/uploads\/2021\/11\/h1-mobile.png&#8221; title_text=&#8221;h1-mobile&#8221; disabled_on=&#8221;off|on|on&#8221; _builder_version=&#8221;4.9.1&#8243; _module_preset=&#8221;default&#8221;][\/et_pb_image][et_pb_text admin_label=&#8221;Testo&#8221; _builder_version=&#8221;4.9.1&#8243; _module_preset=&#8221;default&#8221; header_font=&#8221;|800||on|||||&#8221; header_text_align=&#8221;center&#8221; header_text_color=&#8221;#424242&#8243; header_font_size=&#8221;26px&#8221; custom_margin=&#8221;170px||30px||false|false&#8221; custom_margin_tablet=&#8221;30px||||false|false&#8221; custom_margin_phone=&#8221;-30px||||false|false&#8221; custom_margin_last_edited=&#8221;on|phone&#8221; [&hellip;]<\/p>\n","protected":false},"author":1,"featured_media":0,"parent":0,"menu_order":0,"comment_status":"closed","ping_status":"closed","template":"","meta":{"_et_pb_use_builder":"on","_et_pb_old_content":"<!-- wp:paragraph -->\r\n<p>Ceci est une page d\u2019exemple. C\u2019est diff\u00e9rent d\u2019un article de blog parce qu\u2019elle restera au m\u00eame endroit et appara\u00eetra dans la navigation de votre site (dans la plupart des th\u00e8mes). La plupart des gens commencent par une page \u00ab\u00a0\u00c0 propos\u00a0\u00bb qui les pr\u00e9sente aux visiteurs du site. Cela pourrait ressembler \u00e0 quelque chose comme cela\u00a0:<\/p>\r\n<!-- \/wp:paragraph --><!-- wp:quote -->\r\n<blockquote class=\"wp-block-quote\">\r\n<p>Bonjour\u00a0! Je suis un m\u00e9canicien qui aspire \u00e0 devenir acteur, et voici mon site. J\u2019habite \u00e0 Bordeaux, j\u2019ai un super chien baptis\u00e9 Russell, et j\u2019aime la vodka (ainsi qu\u2019\u00eatre surpris par la pluie soudaine lors de longues balades sur la plage au coucher du soleil).<\/p>\r\n<\/blockquote>\r\n<!-- \/wp:quote --><!-- wp:paragraph -->\r\n<p>...ou quelque chose comme cela\u00a0:<\/p>\r\n<!-- \/wp:paragraph --><!-- wp:quote -->\r\n<blockquote class=\"wp-block-quote\">\r\n<p>La soci\u00e9t\u00e9 123 Machin Truc a \u00e9t\u00e9 cr\u00e9\u00e9e en 1971, et n\u2019a cess\u00e9 de proposer au public des machins-trucs de qualit\u00e9 depuis lors. Situ\u00e9e \u00e0 Saint-Remy-en-Bouzemont-Saint-Genest-et-Isson, 123 Machin Truc emploie 2 000 personnes, et fabrique toutes sortes de bidules supers pour la communaut\u00e9 bouzemontoise.<\/p>\r\n<\/blockquote>\r\n<!-- \/wp:quote --><!-- wp:paragraph -->\r\n<p>En tant que nouvel utilisateur ou utilisatrice de WordPress, vous devriez vous rendre sur <a href=\"http:\/\/jurassikchained.com\/wp-admin\/\">votre tableau de bord<\/a> pour supprimer cette page et cr\u00e9er de nouvelles pages pour votre contenu. Amusez-vous bien\u00a0!<\/p>\r\n<!-- \/wp:paragraph -->","_et_gb_content_width":""},"_links":{"self":[{"href":"https:\/\/jurassikchained.com\/index.php\/wp-json\/wp\/v2\/pages\/2"}],"collection":[{"href":"https:\/\/jurassikchained.com\/index.php\/wp-json\/wp\/v2\/pages"}],"about":[{"href":"https:\/\/jurassikchained.com\/index.php\/wp-json\/wp\/v2\/types\/page"}],"author":[{"embeddable":true,"href":"https:\/\/jurassikchained.com\/index.php\/wp-json\/wp\/v2\/users\/1"}],"replies":[{"embeddable":true,"href":"https:\/\/jurassikchained.com\/index.php\/wp-json\/wp\/v2\/comments?post=2"}],"version-history":[{"count":48,"href":"https:\/\/jurassikchained.com\/index.php\/wp-json\/wp\/v2\/pages\/2\/revisions"}],"predecessor-version":[{"id":126,"href":"https:\/\/jurassikchained.com\/index.php\/wp-json\/wp\/v2\/pages\/2\/revisions\/126"}],"wp:attachment":[{"href":"https:\/\/jurassikchained.com\/index.php\/wp-json\/wp\/v2\/media?parent=2"}],"curies":[{"name":"wp","href":"https:\/\/api.w.org\/{rel}","templated":true}]}}